{"id":21,"date":"2019-02-27T18:24:28","date_gmt":"2019-02-27T18:24:28","guid":{"rendered":"https:\/\/energiatehdas.fi\/?page_id=21"},"modified":"2026-02-15T09:56:12","modified_gmt":"2026-02-15T09:56:12","slug":"tuotteet","status":"publish","type":"page","link":"https:\/\/energiatehdas.fi\/?page_id=21","title":{"rendered":"Tuotteet"},"content":{"rendered":"<p>&nbsp;<\/p>\n<h1>L\u00e4mm\u00f6n talteenotto laitteet<\/h1>\n<h2>Ekonomaiserit SET<\/h2>\n<p>Hukkal\u00e4mm\u00f6n talteenotto kaikissa l\u00e4mmityskattiloissa.<\/p>\n<h5>J\u00e4rkevin tapa tehostaa biomassan polttoa &#8211; kotimaista ja kotoista l\u00e4mp\u00f6\u00e4 puilla!<\/h5>\n<p>Kotimainen SET ekonomaiserit voidaan liitt\u00e4\u00e4 nykyiseen kattilaasi. Sopii l\u00e4hes kaikkiin k\u00e4yt\u00f6ss\u00e4 oleviin l\u00e4mmityskattiloihin. Ekonomaiserin toiminta on hyvin tehokasta. Kuitenkin sill\u00e4 erolla, ett\u00e4 Warmaxin liekki ja p\u00e4\u00e4st\u00f6t ovat puhtaat.<\/p>\n<h5>Savukaasujen l\u00e4mm\u00f6taltteenotto<\/h5>\n<p>Kattilasta tulee n. 250\u00b0C savukaasut, harakoille. Voit nyt siirty\u00e4 tehokkaaseen puul\u00e4mmitykseen kattilaa vaihtamatta. Liit\u00e4 vanhaan kattilaasi SET ekonomaiseri, niin saat uutta tehoa vanhaan l\u00e4mmityskattilaasi.<br \/>\nKotimainen SET ekonomaiseri on ymp\u00e4rist\u00f6yst\u00e4v\u00e4llinen tuote.<\/p>\n<h5>Takaisinmaksuaika<\/h5>\n<p>Voisiko n\u00e4in edullinen ja tehokas laite olla taloudellisimpaa. Tuskin vain:<\/p>\n<ul>\n<li>l\u00e4mmityskattilan nimillistehosta saadaan noin 10% tehoa SET ekonomaiserin avulla<\/li>\n<li>Esim. L\u00e4mmityskattilan Nimillisteho 900kW<\/li>\n<li>Saatava teho SET ekonomaiserin avulla &#8211; 80 kw\/t<\/li>\n<li>80 x 24 tuntia = 1,9 Mw laskutettava l\u00e4mp\u00f6tehoa<\/li>\n<li>1,9 x 20e = 38 EUR vuorokaudessa<\/li>\n<li>38 x 200 = 7600EUR<\/li>\n<li>s\u00e4\u00e4st\u00e4\u00e4 hintansa nopeasti takasin<\/li>\n<li>Sopii melkein kaikkiin l\u00e4mmityskattiloihin &#8211; biomassa-, puu-, pelletti, hake-, ja my\u00f6s oljykattiloihin.<\/li>\n<li>Vakiotuotteet &#8211; l\u00e4mmityskattilan teholuokat : 50-200kw, 200-400kw, 400-600kw, 600-800kw, 800 &#8211; 1000kw<\/li>\n<li>yli 1Mw &#8211; projektin mukaan<\/li>\n<li>\n<p><figure id=\"attachment_124\" aria-describedby=\"caption-attachment-124\" style=\"width: 833px\" class=\"wp-caption aligncenter\"><img loading=\"lazy\" decoding=\"async\" class=\"wp-image-124 size-full\" src=\"https:\/\/energiatehdas.fi\/wp-content\/uploads\/2019\/11\/economaiseri-AISI321-80kw-avattu.jpg\" alt=\"Ekonomaiseri SET \" width=\"833\" height=\"439\" srcset=\"https:\/\/energiatehdas.fi\/wp-content\/uploads\/2019\/11\/economaiseri-AISI321-80kw-avattu.jpg 833w, https:\/\/energiatehdas.fi\/wp-content\/uploads\/2019\/11\/economaiseri-AISI321-80kw-avattu-300x158.jpg 300w, https:\/\/energiatehdas.fi\/wp-content\/uploads\/2019\/11\/economaiseri-AISI321-80kw-avattu-768x405.jpg 768w\" sizes=\"auto, (max-width: 833px) 100vw, 833px\" \/><figcaption id=\"caption-attachment-124\" class=\"wp-caption-text\">Ekonomaiseri SET 200 &#8211; 1000<\/figcaption><\/figure><\/li>\n<\/ul>\n<p>&nbsp;<\/p>\n<h2>J\u00e4tevesi LTO<\/h2>\n<p>Hukkal\u00e4mm\u00f6n talteenotto kaikissa kiinteist\u00f6iss\u00e4.<br \/>\nTalosta poistuu vett\u00e4 melkein sama m\u00e4\u00e4r\u00e4 kun tuleekin.<br \/>\nTuleva vesi on usein on 5- 8C , poistuva vesi on usein 26C. Kaikki k\u00e4ytt\u00f6vesi voidaan helposti esil\u00e4mmitt\u00e4\u00e4 ja n\u00e4in pienet\u00e4\u00e4 10 &#8211; 15 C l\u00e4mm\u00f6n kulutuksen tarvetta. T\u00e4m\u00e4 voi tarkoittaa 20 &#8211; 50 % s\u00e4\u00e4st\u00f6\u00e4 k\u00e4ytt\u00f6veden l\u00e4mmityksess\u00e4.<\/p>\n<p>Hy\u00f6dynn\u00e4 j\u00e4teveden ja\/tai poistoilman hukkaan menev\u00e4\u00e4 l\u00e4mp\u00f6\u00e4! Mahdollisesti energia-alan nopein takasinmaksuaika!<\/p>\n<p>Mahdolliset hukkal\u00e4mm\u00f6nl\u00e4hteet: j\u00e4tevesi, ty\u00f6kone, tuotantoprosessi<\/p>\n<p>Ominaisuudet:<br \/>\nL\u00e4mm\u00f6nvaihdon maksimi teho 150 kW<br \/>\nL\u00e4mm\u00f6nvaihtimen pinta-ala 10 m2<br \/>\nMateriaali AISI 321<br \/>\nL\u00e4mp\u00f6tila-alue -20C &#8230; 100C<br \/>\nViem\u00e4ri LTO 1 yksikk\u00f6 riitt\u00e4\u00e4 jopa 5-50kW l\u00e4mp\u00f6pumpulle l\u00e4mm\u00f6nkeruupiirin\u00e4 riippuen j\u00e4teveden virtauksesta. Eli, paitsi l\u00e4mm\u00f6ntaltteenottoa laite toimii samalla l\u00e4mm\u00f6nl\u00e4hteen\u00e4 l\u00e4mp\u00f6pumpulle eik\u00e4 l\u00e4mp\u00f6kaivoa tarvita.<\/p>\n<h3>SET Suomen Energiatehdas Oy:n l\u00e4mm\u00f6ntalteenotto-teknologia v\u00e4hent\u00e4\u00e4 tuntuvasti kiinteist\u00f6n l\u00e4mp\u00f6laskua.<\/h3>\n<h2><\/h2>\n<h2>Poistoilma LTO<\/h2>\n<p>&nbsp;<\/p>\n<p>L\u00e4mm\u00f6ntalteenottolaite. Hukkal\u00e4mm\u00f6n talteenotto kaikissa kiinteist\u00f6iss\u00e4.<\/p>\n<p>Tuote soveltuu kaksisuntainen kaukol\u00e4mp\u00f6 &#8211; projektiin. Talosta poistuu ilmaa\u00a0 sama m\u00e4\u00e4r\u00e4 kun tuleekin.<\/p>\n<p>Hy\u00f6dynn\u00e4\u00a0 poistoilman hukkaan menev\u00e4\u00e4 l\u00e4mp\u00f6\u00e4! Mahdollisesti energia-alan nopein takasinmaksuaika!\u00a0 Myy liikal\u00e4mp\u00f6 eteenp\u00e4in!<\/p>\n<h4>Mahdolliset hukkal\u00e4mm\u00f6nl\u00e4hteet:<\/h4>\n<ul>\n<li>poistoilma\u00a0 \u00a0 \u00a0 \u00a0 \u00a0 \u00a0 \u00a0 \u00a0 \u00a0 \u00a0 \u00a0 \u00a0 \u00a0 \u00a0 \u00a0 \u00a0 \u00a0 \u00a0 \u00a0 \u00a0 \u00a0 \u00a0 \u00a0 \u00a0 \u00a0 \u00a0 \u00a0 \u00a0 \u00a0 \u00a0 \u00a0 \u00a0 \u00a0 \u00a0 \u00a0 \u00a0 \u00a0 \u00a0 \u00a0 \u00a0 \u00a0 \u00a0 \u00a0 \u00a0 \u00a0 \u00a0 \u00a0 \u00a0 \u00a0 \u00a0 <img loading=\"lazy\" decoding=\"async\" class=\"size-medium wp-image-50 alignright\" src=\"https:\/\/energiatehdas.fi\/wp-content\/uploads\/2019\/03\/air-recuperator-15kw-12-1200x778-300x195.jpg\" alt=\"\" width=\"300\" height=\"195\" srcset=\"https:\/\/energiatehdas.fi\/wp-content\/uploads\/2019\/03\/air-recuperator-15kw-12-1200x778-300x195.jpg 300w, https:\/\/energiatehdas.fi\/wp-content\/uploads\/2019\/03\/air-recuperator-15kw-12-1200x778-768x498.jpg 768w, https:\/\/energiatehdas.fi\/wp-content\/uploads\/2019\/03\/air-recuperator-15kw-12-1200x778-1024x664.jpg 1024w, https:\/\/energiatehdas.fi\/wp-content\/uploads\/2019\/03\/air-recuperator-15kw-12-1200x778.jpg 1200w\" sizes=\"auto, (max-width: 300px) 100vw, 300px\" \/><\/li>\n<li>prosessikaasut<\/li>\n<li>l\u00e4mmittimet<\/li>\n<li>kuivaaja<\/li>\n<li>ty\u00f6kone<\/li>\n<li>ilmanvaihto<\/li>\n<li>tuotantoprosessi<\/li>\n<li>kaksisuntainen kaukol\u00e4mp\u00f6 projekti<br \/>\n<h4>Ominaisuudet:<\/h4>\n<\/li>\n<li>L\u00e4mm\u00f6nvaihdon maksimi teho 6 &#8211; 15 kW<\/li>\n<li>L\u00e4mm\u00f6nvaihtimen pinta-ala 8 &#8211; 20 m2<\/li>\n<li>L\u00e4mm\u00f6nvaihto ilmasta veteen<\/li>\n<li>L\u00e4mmitt\u00e4\u00e4 \/ viilent\u00e4\u00e4 ilmaa<\/li>\n<li>Materiaali AISI 321<img loading=\"lazy\" decoding=\"async\" class=\"size-medium wp-image-51 alignright\" src=\"https:\/\/energiatehdas.fi\/wp-content\/uploads\/2019\/03\/air-recuperator-15kw-22-1200x778-300x195.jpg\" alt=\"\" width=\"300\" height=\"195\" srcset=\"https:\/\/energiatehdas.fi\/wp-content\/uploads\/2019\/03\/air-recuperator-15kw-22-1200x778-300x195.jpg 300w, https:\/\/energiatehdas.fi\/wp-content\/uploads\/2019\/03\/air-recuperator-15kw-22-1200x778-768x498.jpg 768w, https:\/\/energiatehdas.fi\/wp-content\/uploads\/2019\/03\/air-recuperator-15kw-22-1200x778-1024x664.jpg 1024w, https:\/\/energiatehdas.fi\/wp-content\/uploads\/2019\/03\/air-recuperator-15kw-22-1200x778.jpg 1200w\" sizes=\"auto, (max-width: 300px) 100vw, 300px\" \/><\/li>\n<li>Yhteet 1&#8243;<\/li>\n<li>Ty\u00f6paine 1 &#8211; 3 Bar<\/li>\n<li>L\u00e4mp\u00f6tila-alue -20C &#8230; 150C<\/li>\n<\/ul>\n<p>&nbsp;<\/p>\n<h4><\/h4>\n<h4>Erikoisominaisuudet:<\/h4>\n<p>L\u00e4mm\u00f6ntalteenottolaite. Hukkal\u00e4mm\u00f6n talteenotto kaikissa kiinteist\u00f6iss\u00e4.<\/p>\n<p>Tuote soveltuu kaksisuntainen kaukol\u00e4mp\u00f6 &#8211; projektiin.<br \/>\nTalosta poistuu ilmaa sama m\u00e4\u00e4r\u00e4 kun tuleekin.<\/p>\n<p>Mahdolliset hukkal\u00e4mm\u00f6nl\u00e4hteet:<br \/>\npoistoilma<br \/>\nprosessikaasut<br \/>\nl\u00e4mmittimet<br \/>\nkuivaaja<br \/>\nty\u00f6kone<br \/>\ntuotantoprosessi<br \/>\nkaksisuntainen kaukol\u00e4mp\u00f6 projekti<br \/>\n<strong>Ominaisuudet:<\/strong><br \/>\nL\u00e4mm\u00f6nvaihdon maksimi teho 6 &#8211; 15 kW<br \/>\nL\u00e4mm\u00f6nvaihtimen pinta-ala 8 &#8211; 20 m2<br \/>\nL\u00e4mm\u00f6nvaihto ilmasta veteen<br \/>\nL\u00e4mmitt\u00e4\u00e4 \/ viilent\u00e4\u00e4 ilmaa<br \/>\nMateriaali AISI 321<br \/>\nL\u00e4mp\u00f6tila-alue -20C &#8230; 150C<\/p>\n<p><strong>Erikoisominaisuudet:<\/strong><br \/>\nHiljainen &#8211; 45 Db &#8211; 1m<br \/>\nV\u00e4hent\u00e4\u00e4 ilman virtausta hyvin v\u00e4h\u00e4n<br \/>\nSiet\u00e4\u00e4 likaista ilmaa<br \/>\nSiet\u00e4\u00e4 kosteaa ilmaa<br \/>\nSiet\u00e4\u00e4 rasvaista ilmaa<br \/>\nEi vaadi suodatusta ennen l\u00e4mm\u00f6nvaihtoa<br \/>\nVoidaan pest\u00e4\u00e4 pesurilla<br \/>\nSopii my\u00f6s kaasuille<\/p>\n<p>&nbsp;<\/p>\n<h1>Monitoimi l\u00e4mp\u00f6pumput<\/h1>\n<p>Monitoimi l\u00e4mp\u00f6pumppu tuottaa energiaa kustannustehokkaasti. Monitoimi l\u00e4mp\u00f6pumppu on yksi luotettavimmista sek\u00e4 energia- ja kustannustehokkaimmista tavoista l\u00e4mmitt\u00e4\u00e4 tai viilent\u00e4\u00e4 rakennusta uusiutuvan energian avulla.<img loading=\"lazy\" decoding=\"async\" class=\"size-medium wp-image-15 alignright\" src=\"https:\/\/energiatehdas.fi\/wp-content\/uploads\/2019\/02\/monitoimi-lampopumppu-2-1500x1000-300x200.jpg\" alt=\"\" width=\"300\" height=\"200\" srcset=\"https:\/\/energiatehdas.fi\/wp-content\/uploads\/2019\/02\/monitoimi-lampopumppu-2-1500x1000-300x200.jpg 300w, https:\/\/energiatehdas.fi\/wp-content\/uploads\/2019\/02\/monitoimi-lampopumppu-2-1500x1000-768x512.jpg 768w, https:\/\/energiatehdas.fi\/wp-content\/uploads\/2019\/02\/monitoimi-lampopumppu-2-1500x1000-1024x683.jpg 1024w, https:\/\/energiatehdas.fi\/wp-content\/uploads\/2019\/02\/monitoimi-lampopumppu-2-1500x1000.jpg 1500w\" sizes=\"auto, (max-width: 300px) 100vw, 300px\" \/><\/p>\n<ul>\n<li style=\"text-align: left;\">Monitoimil\u00e4mp\u00f6pumppu on erinomainen \u00a0keino kaksinkertaistaa l\u00e4mm\u00f6ntalteenottolaitteiden (yll\u00e4 mainittujen J\u00e4tevesi LTO ja Poistoilma LTO) hy\u00f6dyt.<\/li>\n<\/ul>\n<p>Monitoimi l\u00e4mp\u00f6pumpun hy\u00f6dynt\u00e4m\u00e4\u00e4 energiaa on aina saatavilla, kun monet muut uusiutuvaa energiaa hy\u00f6dynt\u00e4v\u00e4t laitteet ovat riippuvaisia olosuhteista, kuten auringon s\u00e4teilyst\u00e4 tai tuulesta.<\/p>\n<p>L\u00e4mp\u00f6pumppuja l\u00f6ytyy erilaisia eri tarpeisiin. Pumput luokitellaan esimerkiksi ilmal\u00e4mp\u00f6pumppuihin, maal\u00e4mp\u00f6pumppuihin, poistoilmal\u00e4mp\u00f6pumppuihin ja ilma-vesil\u00e4mp\u00f6pumppuihin l\u00e4mp\u00f6energian ottotavan mukaan. Monitoimi l\u00e4mp\u00f6pumppu on kaikkea t\u00e4t\u00e4 samassa laitteessa &#8211; erilaisia energial\u00e4hteit\u00e4 voidaan k\u00e4ytt\u00e4\u00e4 jopa yht\u00e4 aikaa.<\/p>\n<p>Monitoimi l\u00e4mp\u00f6pumput soveltuu j\u00e4rjestelmiin jossa k\u00e4ytet\u00e4\u00e4n hukkal\u00e4mp\u00f6\u00e4 esim. &#8211; j\u00e4teveden l\u00e4mp\u00f6\u00e4.<\/p>\n<p>Monitoimi Ilmavesil\u00e4mp\u00f6pumput soveltuvat erinomaisesti pientaloihin osana kodin ja isommankin kiinteist\u00f6n\u00a0l\u00e4mmitysj\u00e4rjestelm\u00e4\u00e4.<\/p>\n<ul>\n<li>Suomen EnergiaTehdas Oy:n l\u00e4mp\u00f6pumpuissa on:<\/li>\n<li>Scroll EVI tyyppinen compressori<\/li>\n<li>Suuret ruostumattomat levyl\u00e4mm\u00f6nvaihtimet l\u00e4mmityspiirille ja l\u00e4mm\u00f6nl\u00e4hdepiirille + EVI-piirille<\/li>\n<li>Pehme\u00e4 startti<\/li>\n<li>Pid\u00e4mme varastossamme l\u00e4mp\u00f6pumpun t\u00e4rkeimm\u00e4t osat kuten kompressori, anturit, ohjaukset.<\/li>\n<li>Tarjoamme projektiimme suunnittelutukea: periatekaavat, LVI-kuvat.<\/li>\n<\/ul>\n<h2>Mallisto:<\/h2>\n<h2>SET 10 EVI\u00a0 monitoimi l\u00e4mp\u00f6pumppu &#8211; 10kW<\/h2>\n<h2>SET 25 EVI monitoimi l\u00e4mp\u00f6pumppu &#8211; 25kW<\/h2>\n<p>&nbsp;<\/p>\n<p>J\u00e4lleenmyyj\u00e4t:<\/p>\n<p><a href=\"http:\/\/profil.fi\/lampopumput\/maalampopumput\" target=\"_blank\" rel=\"noopener noreferrer\">Profil.fi &#8211; LVIS &#8211; erikoisliike.<img loading=\"lazy\" decoding=\"async\" class=\"size-full wp-image-6 aligncenter\" src=\"https:\/\/energiatehdas.fi\/wp-content\/uploads\/2019\/02\/logo_profil.gif\" alt=\"\" width=\"164\" height=\"36\" \/><\/a><\/p>\n<p>&nbsp;<\/p>\n<p><a href=\"https:\/\/energiatukku.fi\/index.php?route=product\/category&amp;language=fi-fi&amp;path=45\">Energiatukku.fi &#8211; ekonomaiserit, l\u00e4mm\u00f6nvaihtimet &#8211; tuotteet ja ratkaisut<\/a>\u00a0 <a href=\"http:\/\/energiatukku.fi\"><img loading=\"lazy\" decoding=\"async\" class=\"alignnone size-medium wp-image-9\" src=\"https:\/\/energiatehdas.fi\/wp-content\/uploads\/2019\/02\/energiatukku_logo1-300x56.png\" alt=\"\" width=\"300\" height=\"56\" srcset=\"https:\/\/energiatehdas.fi\/wp-content\/uploads\/2019\/02\/energiatukku_logo1-300x56.png 300w, https:\/\/energiatehdas.fi\/wp-content\/uploads\/2019\/02\/energiatukku_logo1.png 320w\" sizes=\"auto, (max-width: 300px) 100vw, 300px\" \/><\/a><\/p>\n","protected":false},"excerpt":{"rendered":"<p>&nbsp; L\u00e4mm\u00f6n talteenotto laitteet Ekonomaiserit SET Hukkal\u00e4mm\u00f6n talteenotto kaikissa l\u00e4mmityskattiloissa. J\u00e4rkevin tapa tehostaa biomassan polttoa &#8211; kotimaista ja kotoista l\u00e4mp\u00f6\u00e4 puilla! Kotimainen SET ekonomaiserit voidaan liitt\u00e4\u00e4 nykyiseen kattilaasi. Sopii l\u00e4hes kaikkiin k\u00e4yt\u00f6ss\u00e4 oleviin l\u00e4mmityskattiloihin. Ekonomaiserin toiminta on hyvin tehokasta. Kuitenkin sill\u00e4 erolla, ett\u00e4 Warmaxin liekki ja p\u00e4\u00e4st\u00f6t ovat puhtaat. Savukaasujen&#8230;<\/p>\n","protected":false},"author":1,"featured_media":0,"parent":0,"menu_order":2,"comment_status":"closed","ping_status":"closed","template":"","meta":{"footnotes":""},"class_list":["post-21","page","type-page","status-publish","hentry"],"_links":{"self":[{"href":"https:\/\/energiatehdas.fi\/index.php?rest_route=\/wp\/v2\/pages\/21","targetHints":{"allow":["GET"]}}],"collection":[{"href":"https:\/\/energiatehdas.fi\/index.php?rest_route=\/wp\/v2\/pages"}],"about":[{"href":"https:\/\/energiatehdas.fi\/index.php?rest_route=\/wp\/v2\/types\/page"}],"author":[{"embeddable":true,"href":"https:\/\/energiatehdas.fi\/index.php?rest_route=\/wp\/v2\/users\/1"}],"replies":[{"embeddable":true,"href":"https:\/\/energiatehdas.fi\/index.php?rest_route=%2Fwp%2Fv2%2Fcomments&post=21"}],"version-history":[{"count":19,"href":"https:\/\/energiatehdas.fi\/index.php?rest_route=\/wp\/v2\/pages\/21\/revisions"}],"predecessor-version":[{"id":182,"href":"https:\/\/energiatehdas.fi\/index.php?rest_route=\/wp\/v2\/pages\/21\/revisions\/182"}],"wp:attachment":[{"href":"https:\/\/energiatehdas.fi\/index.php?rest_route=%2Fwp%2Fv2%2Fmedia&parent=21"}],"curies":[{"name":"wp","href":"https:\/\/api.w.org\/{rel}","templated":true}]}}