{"id":58,"date":"2019-03-02T16:24:00","date_gmt":"2019-03-02T16:24:00","guid":{"rendered":"https:\/\/energiatehdas.fi\/?page_id=58"},"modified":"2020-01-26T09:18:01","modified_gmt":"2020-01-26T09:18:01","slug":"yhteystiedot-2","status":"publish","type":"page","link":"https:\/\/energiatehdas.fi\/?page_id=58","title":{"rendered":"Yhteystiedot"},"content":{"rendered":"<h2>J\u00e4lleenmyyj\u00e4t:<\/h2>\n<p><a href=\"http:\/\/profil.fi\/\" target=\"_blank\" rel=\"noopener noreferrer\">Profil.fi &#8211; LVIS &#8211; erikoisliike.<img loading=\"lazy\" decoding=\"async\" class=\"size-full wp-image-6 aligncenter\" src=\"https:\/\/energiatehdas.fi\/wp-content\/uploads\/2019\/02\/logo_profil.gif\" alt=\"\" width=\"164\" height=\"36\" \/><\/a><\/p>\n<p>&nbsp;<\/p>\n<p><a href=\"http:\/\/energiatukku.fi\">Energiatukku.fi &#8211; ekonomaiserit, l\u00e4mm\u00f6nvaihtimet &#8211; tuotteet ja ratkaisut<\/a>\u00a0 <a href=\"http:\/\/energiatukku.fi\"><img loading=\"lazy\" decoding=\"async\" class=\"alignnone size-medium wp-image-9\" src=\"https:\/\/energiatehdas.fi\/wp-content\/uploads\/2019\/02\/energiatukku_logo1-300x56.png\" alt=\"\" width=\"300\" height=\"56\" srcset=\"https:\/\/energiatehdas.fi\/wp-content\/uploads\/2019\/02\/energiatukku_logo1-300x56.png 300w, https:\/\/energiatehdas.fi\/wp-content\/uploads\/2019\/02\/energiatukku_logo1.png 320w\" sizes=\"auto, (max-width: 300px) 100vw, 300px\" \/><\/a><\/p>\n<h2>Suomen EnergiaTehdas Oy<\/h2>\n<p>K\u00e4ynti- ja postitusosoite:<\/p>\n<p>Suomen EnergiaTehdas Oy,<\/p>\n<p>Laippatie 3, 00880 Helsinki.<\/p>\n<p>puh. +358 505 662 399<\/p>\n<p>S\u00e4hk\u00f6posti:\u00a0 myynti\u00a0 a\u00a0 energiatehdas.fi<\/p>\n<p><iframe loading=\"lazy\" style=\"border: 0;\" src=\"https:\/\/www.google.com\/maps\/embed?pb=!1m18!1m12!1m3!1d1982.2324253565153!2d25.050613715784195!3d60.20998488197561!2m3!1f0!2f0!3f0!3m2!1i1024!2i768!4f13.1!3m3!1m2!1s0x4692092889c89479%3A0xab896e91a94c3191!2sLaippatie+3%2C+00880+Helsinki!5e0!3m2!1sfi!2sfi!4v1551608771114\" width=\"600\" height=\"450\" frameborder=\"0\" allowfullscreen=\"allowfullscreen\"><\/iframe><\/p>\n","protected":false},"excerpt":{"rendered":"<p>J\u00e4lleenmyyj\u00e4t: Profil.fi &#8211; LVIS &#8211; erikoisliike. &nbsp; Energiatukku.fi &#8211; ekonomaiserit, l\u00e4mm\u00f6nvaihtimet &#8211; tuotteet ja ratkaisut\u00a0 Suomen EnergiaTehdas Oy K\u00e4ynti- ja postitusosoite: Suomen EnergiaTehdas Oy, Laippatie 3, 00880 Helsinki. puh. +358 505 662 399 S\u00e4hk\u00f6posti:\u00a0 myynti\u00a0 a\u00a0 energiatehdas.fi<\/p>\n","protected":false},"author":1,"featured_media":0,"parent":0,"menu_order":20,"comment_status":"closed","ping_status":"closed","template":"","meta":{"footnotes":""},"class_list":["post-58","page","type-page","status-publish","hentry"],"_links":{"self":[{"href":"https:\/\/energiatehdas.fi\/index.php?rest_route=\/wp\/v2\/pages\/58","targetHints":{"allow":["GET"]}}],"collection":[{"href":"https:\/\/energiatehdas.fi\/index.php?rest_route=\/wp\/v2\/pages"}],"about":[{"href":"https:\/\/energiatehdas.fi\/index.php?rest_route=\/wp\/v2\/types\/page"}],"author":[{"embeddable":true,"href":"https:\/\/energiatehdas.fi\/index.php?rest_route=\/wp\/v2\/users\/1"}],"replies":[{"embeddable":true,"href":"https:\/\/energiatehdas.fi\/index.php?rest_route=%2Fwp%2Fv2%2Fcomments&post=58"}],"version-history":[{"count":4,"href":"https:\/\/energiatehdas.fi\/index.php?rest_route=\/wp\/v2\/pages\/58\/revisions"}],"predecessor-version":[{"id":131,"href":"https:\/\/energiatehdas.fi\/index.php?rest_route=\/wp\/v2\/pages\/58\/revisions\/131"}],"wp:attachment":[{"href":"https:\/\/energiatehdas.fi\/index.php?rest_route=%2Fwp%2Fv2%2Fmedia&parent=58"}],"curies":[{"name":"wp","href":"https:\/\/api.w.org\/{rel}","templated":true}]}}